{"id":3,"date":"2022-12-28T22:52:08","date_gmt":"2022-12-28T22:52:08","guid":{"rendered":"http:\/\/poaacompanhantes.com\/?page_id=3"},"modified":"2024-04-22T02:01:22","modified_gmt":"2024-04-22T05:01:22","slug":"privacy-policy","status":"publish","type":"page","link":"https:\/\/poaacompanhantes.com\/sample-page\/privacy-policy\/","title":{"rendered":"Politica de privacidade e termos de uso"},"content":{"rendered":"\t\t<div data-elementor-type=\"wp-page\" data-elementor-id=\"3\" class=\"elementor elementor-3\" data-elementor-post-type=\"page\">\n\t\t\t\t<div class=\"elementor-element elementor-element-5850e7a2 e-flex e-con-boxed e-con e-parent\" data-id=\"5850e7a2\" data-element_type=\"container\" data-core-v316-plus=\"true\">\n\t\t\t\t\t<div class=\"e-con-inner\">\n\t\t\t\t<div class=\"elementor-element elementor-element-73b744de elementor-widget elementor-widget-text-editor\" data-id=\"73b744de\" data-element_type=\"widget\" data-widget_type=\"text-editor.default\">\n\t\t\t\t<div class=\"elementor-widget-container\">\n\t\t\t<style>\/*! elementor - v3.20.0 - 10-04-2024 *\/\n.elementor-widget-text-editor.elementor-drop-cap-view-stacked .elementor-drop-cap{background-color:#69727d;color:#fff}.elementor-widget-text-editor.elementor-drop-cap-view-framed .elementor-drop-cap{color:#69727d;border:3px solid;background-color:transparent}.elementor-widget-text-editor:not(.elementor-drop-cap-view-default) .elementor-drop-cap{margin-top:8px}.elementor-widget-text-editor:not(.elementor-drop-cap-view-default) .elementor-drop-cap-letter{width:1em;height:1em}.elementor-widget-text-editor .elementor-drop-cap{float:left;text-align:center;line-height:1;font-size:50px}.elementor-widget-text-editor .elementor-drop-cap-letter{display:inline-block}<\/style>\t\t\t\t<p><!-- wp:heading {\"level\":3} --><\/p>\n<h3 class=\"wp-block-heading\">Pol\u00edtica de Privacidade<\/h3>\n<p><!-- \/wp:heading --><\/p>\n<p><!-- wp:list {\"ordered\":true} --><\/p>\n<ol><!-- wp:list-item --><p><\/p>\n<li>Nossa pol\u00edtica de privacidade determina como iremos tratar a informa\u00e7\u00e3o pessoal que voc\u00ea (usu\u00e1rio) nos fornece enquanto usa o website www.poaacompanhantes.com (em diante POAACOMPANHANTES), (denominado como &#8220;Site&#8221;) e\/ou os servi\u00e7os fornecidos por ele (denominado como &#8220;Servi\u00e7os&#8221;). Poderemos alterar a nossa Pol\u00edtica de privacidade de tempo em tempo e as mudan\u00e7as ter\u00e3o efeito a partir da data e hora em que a Pol\u00edtica de Privacidade revisada for publicada no Site.<\/li>\n<p><!-- \/wp:list-item --><\/p>\n<p><!-- wp:list-item --><\/p>\n<li>Para prover o Site e os Servi\u00e7os, \u00e9 necess\u00e1rio para n\u00f3s manter e processar certas informa\u00e7\u00f5es pessoais. Tomamos medidas para manter essas informa\u00e7\u00f5es seguras para prevenir acesso n\u00e3o permitido a elas ou uso fora das leis. Todas as informa\u00e7\u00f5es pessoas s\u00e3o processadas por n\u00f3s de acordo com a legisla\u00e7\u00e3o de prote\u00e7\u00e3o de dados aplic\u00e1vel.<\/li>\n<p><!-- \/wp:list-item --><\/p>\n<p><!-- wp:list-item --><\/p>\n<li>De tempo em tempo, poderemos requisitar a voc\u00ea para providenciar parte o a totalidade das seguintes informa\u00e7\u00f5es: detalhes do seu nome, n\u00fameros de telefone, endere\u00e7o de e-mail e detalhes de cart\u00e3o de cr\u00e9dito. Essa informa\u00e7\u00e3o pessoal ser\u00e1 guardada junta com qualquer outra informa\u00e7\u00e3o que seja fornecida por voc\u00ea de tempo em tempo, e ser\u00e1 usada por n\u00f3s (e nossos provedores de servi\u00e7os necess\u00e1rios) para proporcionar a voc\u00ea com os Servi\u00e7os e outras atividades associados a eles. Tamb\u00e9m poderemos usar a sua informa\u00e7\u00e3o pessoal para<br>? Facilitar o fornecimentos dos servi\u00e7os para voc\u00ea<br>? Para analisar o uso do Site<br>? Para mantermos voc\u00ea atualizado com novas caracter\u00edsticas, produtos e outros servi\u00e7os que possamos considerar de seu interesse<\/li>\n<p><!-- \/wp:list-item --><\/p>\n<p><!-- wp:list-item --><\/p>\n<li>Apenas manteremos a sua informa\u00e7\u00e3o pessoal durante o per\u00edodo necess\u00e1rio para o prop\u00f3sito pelo qual ela nos foi dada. Por favor note que, caso o nosso neg\u00f3cio seja vendido a terceiros, iremos transferir os seus dados \u00e0 eles com o prop\u00f3sito de continuar fornecendo os Servi\u00e7os a voc\u00ea.<\/li>\n<p><!-- \/wp:list-item --><\/p>\n<p><!-- wp:list-item --><\/p>\n<li>N\u00f3s poderemos usar &#8216;cookies&#8217; enquanto voc\u00ea acessa o Site para evitar que voc\u00ea tenha que preencher os seus detalhes novamente. Se voc\u00ea n\u00e3o quiser receber &#8216;cookies&#8217;, voc\u00ea pode trocar suas prefer\u00eancias no seu computador e\/ou browser.<\/li>\n<p><!-- \/wp:list-item --><\/p>\n<p><!-- wp:list-item --><\/p>\n<li>Poderemos divulgar a suas informa\u00e7\u00f5es pessoais se isso for exigido pela lei, ou se acreditarmos de boa f\u00e9 que que a divulga\u00e7\u00e3o \u00e9 necess\u00e1ria para agir de acordo com alguma determinada lei aplic\u00e1vel, ou para defender os nossos direitos ou propriedade, ou para proteger o direito de seguran\u00e7a pessoal de terceiros.<\/li>\n<p><!-- \/wp:list-item --><\/p>\n<p><!-- wp:list-item --><\/p>\n<li>Se voc\u00ea tiver alguma d\u00favida sobre esta Pol\u00edtica de Privacidade, ou deseja receber alguma informa\u00e7\u00e3o que voc\u00ea escolheu n\u00e3o receber previamente, por favor nos contate enviando um email para&nbsp;contato@poaacompanhantes.com.<\/li>\n<p><!-- \/wp:list-item --><\/p>\n<\/ol>\n<p><!-- \/wp:list --><\/p>\n<p><!-- wp:heading --><\/p>\n<h2 class=\"wp-block-heading\">Cookies<\/h2>\n<p><!-- \/wp:heading --><\/p>\n<p><!-- wp:paragraph --><\/p>\n<p><strong>O que s\u00e3o cookies?<\/strong><br>Um cookie \u00e9 um pequeno arquivo que cont\u00e9m informa\u00e7\u00f5es enviadas para seu computador quando voc\u00ea visita um website. Quando voc\u00ea retorna a este website, este cookie permite que o seu browser seja reconhecido. Cookies podem gravar prefer\u00eancias de usu\u00e1rios e outras informa\u00e7\u00f5es para prover uma melhor experi\u00eancia de navega\u00e7\u00e3o. Por exemplo, gravamos informa\u00e7\u00f5es fornecidas por cookies para identificar seu nome de usu\u00e1rio quando voc\u00ea quer entrar na sua conta no POAACOMPANHANTES.<\/p>\n<p><!-- \/wp:paragraph --><\/p>\n<p><!-- wp:paragraph --><\/p>\n<p><strong>Uso de cookies pelo vivalocal<\/strong><\/p>\n<p><!-- \/wp:paragraph --><\/p>\n<p><!-- wp:list --><\/p>\n<ul><!-- wp:list-item --><p><\/p>\n<li>Usamos cookies para identific\u00e1-lo como usu\u00e1rio e manter sua sess\u00e3o ativa no POAACOMPANHANTES.<\/li>\n<p><!-- \/wp:list-item --><\/p>\n<p><!-- wp:list-item --><\/p>\n<li>A maioria dos cookies \u00e9 deletada ao encerrar uma sess\u00e3o.<\/li>\n<p><!-- \/wp:list-item --><\/p>\n<p><!-- wp:list-item --><\/p>\n<li>Voc\u00ea pode deletar ou remover cookies, mas em alguns casos isso ir\u00e1 prejudicar sua experi\u00eancia no POAACOMPANHANTES.<\/li>\n<p><!-- \/wp:list-item --><\/p>\n<p><!-- wp:list-item --><\/p>\n<li>Voc\u00ea pode verificar cookies de terceiros (Se voc\u00ea visualizar outra p\u00e1gina de terceiro, pode ser que a mesma contenha&nbsp;<a href=\"https:\/\/poaacompanhantes.com\/sample-page\/?page_id=3175&amp;preview=true\" target=\"_blank\">cookies).<\/a><\/li>\n<p><!-- \/wp:list-item --><\/p>\n<\/ul>\n<p><!-- \/wp:list --><\/p>\t\t\t\t\t\t<\/div>\n\t\t\t\t<\/div>\n\t\t\t\t\t<\/div>\n\t\t\t\t<\/div>\n\t\t\t\t<\/div>\n\t\t","protected":false},"excerpt":{"rendered":"<p>Pol\u00edtica de Privacidade Cookies O que s\u00e3o cookies?Um cookie \u00e9 um pequeno arquivo que cont\u00e9m informa\u00e7\u00f5es enviadas para seu computador quando voc\u00ea visita um website. Quando voc\u00ea retorna a este website, este cookie permite que o seu browser seja reconhecido. Cookies podem gravar prefer\u00eancias de usu\u00e1rios e outras informa\u00e7\u00f5es para prover uma melhor experi\u00eancia de &hellip;<\/p>\n<p class=\"read-more\"> <a class=\"\" href=\"https:\/\/poaacompanhantes.com\/sample-page\/privacy-policy\/\"> <span class=\"screen-reader-text\">Politica de privacidade e termos de uso<\/span> Leia mais &raquo;<\/a><\/p>\n","protected":false},"author":110,"featured_media":0,"parent":0,"menu_order":0,"comment_status":"closed","ping_status":"open","template":"","meta":{"site-sidebar-layout":"default","site-content-layout":"default","ast-global-header-display":"","ast-main-header-display":"","ast-hfb-above-header-display":"","ast-hfb-below-header-display":"","ast-hfb-mobile-header-display":"","site-post-title":"","ast-breadcrumbs-content":"","ast-featured-img":"","footer-sml-layout":"","theme-transparent-header-meta":"","adv-header-id-meta":"","stick-header-meta":"","header-above-stick-meta":"","header-main-stick-meta":"","header-below-stick-meta":"","footnotes":""},"class_list":["post-3","page","type-page","status-publish","hentry"],"publishpress_future_action":{"enabled":false,"date":"2026-04-26 01:33:08","action":"change-status","newStatus":"draft","terms":[],"taxonomy":""},"_links":{"self":[{"href":"https:\/\/poaacompanhantes.com\/sample-page\/wp-json\/wp\/v2\/pages\/3","targetHints":{"allow":["GET"]}}],"collection":[{"href":"https:\/\/poaacompanhantes.com\/sample-page\/wp-json\/wp\/v2\/pages"}],"about":[{"href":"https:\/\/poaacompanhantes.com\/sample-page\/wp-json\/wp\/v2\/types\/page"}],"author":[{"embeddable":true,"href":"https:\/\/poaacompanhantes.com\/sample-page\/wp-json\/wp\/v2\/users\/110"}],"replies":[{"embeddable":true,"href":"https:\/\/poaacompanhantes.com\/sample-page\/wp-json\/wp\/v2\/comments?post=3"}],"version-history":[{"count":116,"href":"https:\/\/poaacompanhantes.com\/sample-page\/wp-json\/wp\/v2\/pages\/3\/revisions"}],"predecessor-version":[{"id":3639,"href":"https:\/\/poaacompanhantes.com\/sample-page\/wp-json\/wp\/v2\/pages\/3\/revisions\/3639"}],"wp:attachment":[{"href":"https:\/\/poaacompanhantes.com\/sample-page\/wp-json\/wp\/v2\/media?parent=3"}],"curies":[{"name":"wp","href":"https:\/\/api.w.org\/{rel}","templated":true}]}}