{"id":3175,"date":"2024-04-17T03:05:20","date_gmt":"2024-04-17T06:05:20","guid":{"rendered":"https:\/\/poaacompanhantes.com\/sample-page\/?page_id=3175"},"modified":"2026-04-07T21:08:21","modified_gmt":"2026-04-08T00:08:21","slug":"advertorial","status":"publish","type":"page","link":"https:\/\/poaacompanhantes.com\/sample-page\/advertorial\/","title":{"rendered":"advertorial"},"content":{"rendered":"\t\t<div data-elementor-type=\"wp-page\" data-elementor-id=\"3175\" class=\"elementor elementor-3175\" data-elementor-post-type=\"page\">\n\t\t\t\t<div class=\"elementor-element elementor-element-70019ce e-flex e-con-boxed e-con e-parent\" data-id=\"70019ce\" data-element_type=\"container\" data-settings=\"{&quot;background_background&quot;:&quot;gradient&quot;}\" data-core-v316-plus=\"true\">\n\t\t\t\t\t<div class=\"e-con-inner\">\n\t\t\t\t<div class=\"elementor-element elementor-element-1a06a50 elementor-widget elementor-widget-heading\" data-id=\"1a06a50\" data-element_type=\"widget\" data-widget_type=\"heading.default\">\n\t\t\t\t<div class=\"elementor-widget-container\">\n\t\t\t<style>\/*! elementor - v3.20.0 - 10-04-2024 *\/\n.elementor-heading-title{padding:0;margin:0;line-height:1}.elementor-widget-heading .elementor-heading-title[class*=elementor-size-]>a{color:inherit;font-size:inherit;line-height:inherit}.elementor-widget-heading .elementor-heading-title.elementor-size-small{font-size:15px}.elementor-widget-heading .elementor-heading-title.elementor-size-medium{font-size:19px}.elementor-widget-heading .elementor-heading-title.elementor-size-large{font-size:29px}.elementor-widget-heading .elementor-heading-title.elementor-size-xl{font-size:39px}.elementor-widget-heading .elementor-heading-title.elementor-size-xxl{font-size:59px}<\/style><h2 class=\"elementor-heading-title elementor-size-default\">O seu prazer a um clique de dist\u00e2ncia <\/h2>\t\t<\/div>\n\t\t\t\t<\/div>\n\t\t\t\t<div class=\"elementor-element elementor-element-009f9de elementor-widget__width-initial elementor-widget-mobile__width-initial elementor-widget elementor-widget-heading\" data-id=\"009f9de\" data-element_type=\"widget\" data-widget_type=\"heading.default\">\n\t\t\t\t<div class=\"elementor-widget-container\">\n\t\t\t<h2 class=\"elementor-heading-title elementor-size-default\">Sejam todos bem vindos! <\/h2>\t\t<\/div>\n\t\t\t\t<\/div>\n\t\t\t\t<div class=\"elementor-element elementor-element-b919994 elementor-widget elementor-widget-heading\" data-id=\"b919994\" data-element_type=\"widget\" data-widget_type=\"heading.default\">\n\t\t\t\t<div class=\"elementor-widget-container\">\n\t\t\t<h2 class=\"elementor-heading-title elementor-size-default\">Selecionamos as melhores acompanhantes de Porto Alegre e regi\u00e3o metropolitana, para facilitar a sua busca.<\/h2>\t\t<\/div>\n\t\t\t\t<\/div>\n\t\t\t\t<div class=\"elementor-element elementor-element-3d2ecb0 elementor-widget elementor-widget-heading\" data-id=\"3d2ecb0\" data-element_type=\"widget\" data-widget_type=\"heading.default\">\n\t\t\t\t<div class=\"elementor-widget-container\">\n\t\t\t<h2 class=\"elementor-heading-title elementor-size-default\">Escolha a categoria e cidade que deseja.<\/h2>\t\t<\/div>\n\t\t\t\t<\/div>\n\t\t\t\t<div class=\"elementor-element elementor-element-59900f0 elementor-widget elementor-widget-heading\" data-id=\"59900f0\" data-element_type=\"widget\" data-widget_type=\"heading.default\">\n\t\t\t\t<div class=\"elementor-widget-container\">\n\t\t\t<h2 class=\"elementor-heading-title elementor-size-default\">Desfrute do melhor site de acompanhantes do sul do pais<\/h2>\t\t<\/div>\n\t\t\t\t<\/div>\n\t\t\t\t<div class=\"elementor-element elementor-element-514fc19 elementor-widget elementor-widget-text-editor\" data-id=\"514fc19\" data-element_type=\"widget\" data-widget_type=\"text-editor.default\">\n\t\t\t\t<div class=\"elementor-widget-container\">\n\t\t\t<style>\/*! elementor - v3.20.0 - 10-04-2024 *\/\n.elementor-widget-text-editor.elementor-drop-cap-view-stacked .elementor-drop-cap{background-color:#69727d;color:#fff}.elementor-widget-text-editor.elementor-drop-cap-view-framed .elementor-drop-cap{color:#69727d;border:3px solid;background-color:transparent}.elementor-widget-text-editor:not(.elementor-drop-cap-view-default) .elementor-drop-cap{margin-top:8px}.elementor-widget-text-editor:not(.elementor-drop-cap-view-default) .elementor-drop-cap-letter{width:1em;height:1em}.elementor-widget-text-editor .elementor-drop-cap{float:left;text-align:center;line-height:1;font-size:50px}.elementor-widget-text-editor .elementor-drop-cap-letter{display:inline-block}<\/style>\t\t\t\t<p>Aqui voc\u00ea vai encontrar as mulheres mais lindas do Brasil.<\/p><p>As acompanhantes s\u00e3o mulheres profissionais preparadas\u00a0para satisfazer os desejos de homens, mulheres e casais que necessitam e procuram estes servi\u00e7os todos os dias, elas prestam um \u00f3timo servi\u00e7o para a sociedade, cada pessoa tem dentro de si um desejo, muitas vezes uma necessidade de saciar o seu prazer, e elas ou eles v\u00e3o te ajudar com isso!<\/p><p>Aproveite, relaxe seu corpo e mente, voc\u00ea merece!!<\/p>\t\t\t\t\t\t<\/div>\n\t\t\t\t<\/div>\n\t\t<div class=\"elementor-element elementor-element-9e7a203 e-con-full e-transform e-flex e-con e-child\" data-id=\"9e7a203\" data-element_type=\"container\" data-settings=\"{&quot;position&quot;:&quot;absolute&quot;,&quot;background_background&quot;:&quot;classic&quot;,&quot;_transform_rotateZ_effect&quot;:{&quot;unit&quot;:&quot;px&quot;,&quot;size&quot;:0,&quot;sizes&quot;:[]},&quot;_transform_rotateZ_effect_tablet&quot;:{&quot;unit&quot;:&quot;deg&quot;,&quot;size&quot;:&quot;&quot;,&quot;sizes&quot;:[]},&quot;_transform_rotateZ_effect_mobile&quot;:{&quot;unit&quot;:&quot;deg&quot;,&quot;size&quot;:&quot;&quot;,&quot;sizes&quot;:[]}}\">\n\t\t\t\t<div class=\"elementor-element elementor-element-6ea2b19 jet-smart-filter-content-position-line jet-smart-filter-group-position-line jet-smart-filter-content-position-line elementor-widget-mobile__width-initial elementor-widget__width-initial elementor-widget elementor-widget-jet-smart-filters-select\" data-id=\"6ea2b19\" data-element_type=\"widget\" data-widget_type=\"jet-smart-filters-select.default\">\n\t\t\t\t<div class=\"elementor-widget-container\">\n\t\t\t<div class=\"jet-smart-filters-hierarchy jet-filter \" data-indexer-rule=\"show\" data-show-counter=\"\" data-change-counter=\"always\"><div class=\"jet-filters-group\">\n<div class=\"jet-select\" data-query-type=\"tax_query\" data-query-var=\"voce-e\" data-smart-filter=\"select\" data-filter-id=\"924\" data-apply-type=\"reload\" data-content-provider=\"jet-engine\" data-additional-providers=\"\" data-query-id=\"result\" data-active-label=\"\" data-layout-options=\"{&quot;show_label&quot;:&quot;&quot;,&quot;display_options&quot;:{&quot;show_items_label&quot;:false,&quot;show_decorator&quot;:false,&quot;filter_image_size&quot;:&quot;full&quot;,&quot;show_counter&quot;:false}}\" data-query-var-suffix=\"\" data-hierarchical=\"1\">\n\t\t\t\t<select\n\t\t\tclass=\"jet-select__control depth-0\"\n\t\t\tname=\"voce-e\"\n\t\t\t\t\t\taria-label=\"Home\"\n\t\t>\n\t\t\t\t\t<option value=\"\">Procuro<\/option>\n\t\t\n\t\t\t\t\t<option\n\t\t\t\tvalue=\"11\"\n\t\t\t\tdata-label=\"Garota\"\n\t\t\t\tdata-counter-prefix=\"\"\n\t\t\t\tdata-counter-suffix=\"\"\n\t\t\t\t\t\t\t>Garota<\/option>\n\t\t\t\t\t\t<option\n\t\t\t\tvalue=\"13\"\n\t\t\t\tdata-label=\"Homem\"\n\t\t\t\tdata-counter-prefix=\"\"\n\t\t\t\tdata-counter-suffix=\"\"\n\t\t\t\t\t\t\t>Homem<\/option>\n\t\t\t\t\t\t<option\n\t\t\t\tvalue=\"14\"\n\t\t\t\tdata-label=\"Trans\"\n\t\t\t\tdata-counter-prefix=\"\"\n\t\t\t\tdata-counter-suffix=\"\"\n\t\t\t\t\t\t\t>Trans<\/option>\n\t\t\t<\/select>\n\t<\/div>\n<div class=\"jet-select\" data-query-type=\"tax_query\" data-query-var=\"estados-e-cidades\" data-smart-filter=\"select\" data-filter-id=\"924\" data-apply-type=\"reload\" data-content-provider=\"jet-engine\" data-additional-providers=\"\" data-query-id=\"result\" data-active-label=\"\" data-layout-options=\"{&quot;show_label&quot;:&quot;&quot;,&quot;display_options&quot;:{&quot;show_items_label&quot;:false,&quot;show_decorator&quot;:false,&quot;filter_image_size&quot;:&quot;full&quot;,&quot;show_counter&quot;:false}}\" data-query-var-suffix=\"\" data-hierarchical=\"1\">\n\t\t\t\t<select\n\t\t\tclass=\"jet-select__control depth-1\"\n\t\t\tname=\"estados-e-cidades\"\n\t\t\t\t\t\taria-label=\"Home\"\n\t\t>\n\t\t\t\t\t<option value=\"\">Cidade<\/option>\n\t\t\n\t\t<\/select>\n\t<\/div>\n<\/div>\n<\/div>\t\t<\/div>\n\t\t\t\t<\/div>\n\t\t\t\t<div class=\"elementor-element elementor-element-b283728 elementor-widget__width-initial elementor-widget-tablet__width-initial elementor-widget elementor-widget-jet-smart-filters-apply-button\" data-id=\"b283728\" data-element_type=\"widget\" data-widget_type=\"jet-smart-filters-apply-button.default\">\n\t\t\t\t<div class=\"elementor-widget-container\">\n\t\t\t<div class=\"jet-smart-filters-apply-button jet-filter\"><div class=\"apply-filters\"  data-content-provider=\"jet-engine\" data-query-id=\"result\" data-additional-providers=\"\" data-apply-type=\"reload\" data-redirect=\"yes\" data-redirect-path=\"filtro-1\">\n\t<button\n\t\ttype=\"button\"\n\t\tclass=\"apply-filters__button\"\n\t\t\t>Busca<\/button>\n<\/div><\/div>\t\t<\/div>\n\t\t\t\t<\/div>\n\t\t\t\t<\/div>\n\t\t\t\t\t<\/div>\n\t\t\t\t<\/div>\n\t\t<div class=\"elementor-element elementor-element-4bad486 e-flex e-con-boxed e-con e-parent\" data-id=\"4bad486\" data-element_type=\"container\" data-settings=\"{&quot;background_background&quot;:&quot;classic&quot;}\" data-core-v316-plus=\"true\">\n\t\t\t\t\t<div class=\"e-con-inner\">\n\t\t<div class=\"elementor-element elementor-element-f229c72 e-con-full e-flex e-con e-child\" data-id=\"f229c72\" data-element_type=\"container\">\n\t\t\t\t<div class=\"elementor-element elementor-element-f9cf0e8 elementor-widget elementor-widget-heading\" data-id=\"f9cf0e8\" data-element_type=\"widget\" data-widget_type=\"heading.default\">\n\t\t\t\t<div class=\"elementor-widget-container\">\n\t\t\t<h3 class=\"elementor-heading-title elementor-size-default\">Sobre Porto Alegre e suas belas acompanhantes<\/h3>\t\t<\/div>\n\t\t\t\t<\/div>\n\t\t\t\t<div class=\"elementor-element elementor-element-f8025de elementor-widget elementor-widget-text-editor\" data-id=\"f8025de\" data-element_type=\"widget\" data-widget_type=\"text-editor.default\">\n\t\t\t\t<div class=\"elementor-widget-container\">\n\t\t\t\t\t\t\tPorto Alegre \u00e9 a capital do estado do Rio Grande do Sul, localizado na regi\u00e3o sul do Brasil. A cidade tem uma popula\u00e7\u00e3o de mais de 1,4 milh\u00e3o de habitantes, o que a torna a d\u00e9cima cidade mais populosa do pa\u00eds.\n\nPorto Alegre \u00e9 conhecida por ser um importante centro econ\u00f4mico, pol\u00edtico e cultural do Rio Grande do Sul. \u00c9 uma cidade hist\u00f3rica e tem uma arquitetura variada que reflete a influ\u00eancia das culturas europ\u00e9ias, especialmente alem\u00e3 e italiana. A cidade tamb\u00e9m \u00e9 famosa pelo seu tradicional churrasco ga\u00facho, que \u00e9 muito apreciado pelos habitantes locais e pelos visitantes.\n\nA cidade \u00e9 cercada por belas paisagens naturais, como o Lago Gua\u00edba e o Parque da Reden\u00e7\u00e3o, que oferecem um ambiente tranquilo para atividades ao ar livre. Tamb\u00e9m \u00e9 conhecida por seu calend\u00e1rio cultural agitado, com muitos eventos e festivais ao longo do ano, incluindo o Carnaval de Porto Alegre, o Festival de Cinema de Gramado e a Feira do Livro de Porto Alegre.\n\nSem contar nas suas belas acompanhantes. O Rio Grande do Sul conta com as mais lindas e sensuais mulheres do pais.\n\nElas est\u00e3o preparadas para satisfazer homens mulheres e casais, e v\u00e3o realizar todas as suas fantasias.\t\t\t\t\t\t<\/div>\n\t\t\t\t<\/div>\n\t\t\t\t<\/div>\n\t\t<div class=\"elementor-element elementor-element-a68efb4 e-con-full e-flex e-con e-child\" data-id=\"a68efb4\" data-element_type=\"container\">\n\t\t<div class=\"elementor-element elementor-element-60cf1e7 e-flex e-con-boxed e-con e-child\" data-id=\"60cf1e7\" data-element_type=\"container\">\n\t\t\t\t\t<div class=\"e-con-inner\">\n\t\t\t\t<div class=\"elementor-element elementor-element-df49583 elementor-widget elementor-widget-heading\" data-id=\"df49583\" data-element_type=\"widget\" data-widget_type=\"heading.default\">\n\t\t\t\t<div class=\"elementor-widget-container\">\n\t\t\t<h2 class=\"elementor-heading-title elementor-size-default\">Aqui voc\u00ea vai encontrar, massagistas, acompanhantes, garotas de programa, mulheres, homens e trans que ir\u00e3o lhe proporcionar muito prazer.<\/h2>\t\t<\/div>\n\t\t\t\t<\/div>\n\t\t\t\t\t<\/div>\n\t\t\t\t<\/div>\n\t\t<div class=\"elementor-element elementor-element-69e795a e-flex e-con-boxed e-con e-child\" data-id=\"69e795a\" data-element_type=\"container\">\n\t\t\t\t\t<div class=\"e-con-inner\">\n\t\t\t\t<div class=\"elementor-element elementor-element-eea282b elementor-widget elementor-widget-image\" data-id=\"eea282b\" data-element_type=\"widget\" data-widget_type=\"image.default\">\n\t\t\t\t<div class=\"elementor-widget-container\">\n\t\t\t<style>\/*! elementor - v3.20.0 - 10-04-2024 *\/\n.elementor-widget-image{text-align:center}.elementor-widget-image a{display:inline-block}.elementor-widget-image a img[src$=\".svg\"]{width:48px}.elementor-widget-image img{vertical-align:middle;display:inline-block}<\/style>\t\t\t\t\t\t\t\t\t\t<img fetchpriority=\"high\" decoding=\"async\" width=\"640\" height=\"407\" src=\"https:\/\/poaacompanhantes.com\/wp-content\/uploads\/2023\/04\/ponte-guaiba-porto-alegre.jpg\" class=\"attachment-large size-large wp-image-1414\" alt=\"Garotas de programa em Porto Alegre\" srcset=\"https:\/\/poaacompanhantes.com\/wp-content\/uploads\/2023\/04\/ponte-guaiba-porto-alegre.jpg 640w, https:\/\/poaacompanhantes.com\/wp-content\/uploads\/2023\/04\/ponte-guaiba-porto-alegre-300x191.jpg 300w\" sizes=\"(max-width: 640px) 100vw, 640px\" \/>\t\t\t\t\t\t\t\t\t\t\t\t\t<\/div>\n\t\t\t\t<\/div>\n\t\t\t\t\t<\/div>\n\t\t\t\t<\/div>\n\t\t\t\t<\/div>\n\t\t\t\t\t<\/div>\n\t\t\t\t<\/div>\n\t\t<div class=\"elementor-element elementor-element-ea39d2d e-flex e-con-boxed e-con e-parent\" data-id=\"ea39d2d\" data-element_type=\"container\" data-settings=\"{&quot;background_background&quot;:&quot;classic&quot;}\" data-core-v316-plus=\"true\">\n\t\t\t\t\t<div class=\"e-con-inner\">\n\t\t\t\t<div class=\"elementor-element elementor-element-ec183ed elementor-widget elementor-widget-heading\" data-id=\"ec183ed\" data-element_type=\"widget\" data-widget_type=\"heading.default\">\n\t\t\t\t<div class=\"elementor-widget-container\">\n\t\t\t<h2 class=\"elementor-heading-title elementor-size-default\">Mais cidades:<\/h2>\t\t<\/div>\n\t\t\t\t<\/div>\n\t\t\t\t<div class=\"elementor-element elementor-element-abaedd5 elementor-widget elementor-widget-button\" data-id=\"abaedd5\" data-element_type=\"widget\" data-widget_type=\"button.default\">\n\t\t\t\t<div class=\"elementor-widget-container\">\n\t\t\t\t\t<div class=\"elementor-button-wrapper\">\n\t\t\t<a class=\"elementor-button elementor-button-link elementor-size-xs\" href=\"https:\/\/poaacompanhantes.com\/sample-page\/lista-garotas-porto-alegre\/\">\n\t\t\t\t\t\t<span class=\"elementor-button-content-wrapper\">\n\t\t\t\t\t\t<span class=\"elementor-button-text\">Porto Alegre<\/span>\n\t\t<\/span>\n\t\t\t\t\t<\/a>\n\t\t<\/div>\n\t\t\t\t<\/div>\n\t\t\t\t<\/div>\n\t\t\t\t\t<\/div>\n\t\t\t\t<\/div>\n\t\t\t\t<\/div>\n\t\t","protected":false},"excerpt":{"rendered":"<p>O seu prazer a um clique de dist\u00e2ncia Sejam todos bem vindos! Selecionamos as melhores acompanhantes de Porto Alegre e regi\u00e3o metropolitana, para facilitar a sua busca. Escolha a categoria e cidade que deseja. Desfrute do melhor site de acompanhantes do sul do pais Aqui voc\u00ea vai encontrar as mulheres mais lindas do Brasil. As &hellip;<\/p>\n<p class=\"read-more\"> <a class=\"\" href=\"https:\/\/poaacompanhantes.com\/sample-page\/advertorial\/\"> <span class=\"screen-reader-text\">advertorial<\/span> Leia mais &raquo;<\/a><\/p>\n","protected":false},"author":110,"featured_media":0,"parent":0,"menu_order":0,"comment_status":"closed","ping_status":"closed","template":"","meta":{"site-sidebar-layout":"no-sidebar","site-content-layout":"page-builder","ast-global-header-display":"","ast-main-header-display":"","ast-hfb-above-header-display":"","ast-hfb-below-header-display":"","ast-hfb-mobile-header-display":"","site-post-title":"disabled","ast-breadcrumbs-content":"","ast-featured-img":"disabled","footer-sml-layout":"","theme-transparent-header-meta":"","adv-header-id-meta":"","stick-header-meta":"","header-above-stick-meta":"","header-main-stick-meta":"","header-below-stick-meta":"","footnotes":""},"class_list":["post-3175","page","type-page","status-publish","hentry"],"publishpress_future_action":{"enabled":false,"date":"2026-04-26 04:39:48","action":"change-status","newStatus":"draft","terms":[],"taxonomy":""},"_links":{"self":[{"href":"https:\/\/poaacompanhantes.com\/sample-page\/wp-json\/wp\/v2\/pages\/3175","targetHints":{"allow":["GET"]}}],"collection":[{"href":"https:\/\/poaacompanhantes.com\/sample-page\/wp-json\/wp\/v2\/pages"}],"about":[{"href":"https:\/\/poaacompanhantes.com\/sample-page\/wp-json\/wp\/v2\/types\/page"}],"author":[{"embeddable":true,"href":"https:\/\/poaacompanhantes.com\/sample-page\/wp-json\/wp\/v2\/users\/110"}],"replies":[{"embeddable":true,"href":"https:\/\/poaacompanhantes.com\/sample-page\/wp-json\/wp\/v2\/comments?post=3175"}],"version-history":[{"count":163,"href":"https:\/\/poaacompanhantes.com\/sample-page\/wp-json\/wp\/v2\/pages\/3175\/revisions"}],"predecessor-version":[{"id":4945,"href":"https:\/\/poaacompanhantes.com\/sample-page\/wp-json\/wp\/v2\/pages\/3175\/revisions\/4945"}],"wp:attachment":[{"href":"https:\/\/poaacompanhantes.com\/sample-page\/wp-json\/wp\/v2\/media?parent=3175"}],"curies":[{"name":"wp","href":"https:\/\/api.w.org\/{rel}","templated":true}]}}