{"id":501,"date":"2023-03-13T15:30:49","date_gmt":"2023-03-13T18:30:49","guid":{"rendered":"https:\/\/poaacompanhantes.com\/sample-page\/?page_id=501"},"modified":"2023-05-05T15:47:11","modified_gmt":"2023-05-05T18:47:11","slug":"cadastro","status":"publish","type":"page","link":"https:\/\/poaacompanhantes.com\/sample-page\/cadastro\/","title":{"rendered":"cadastro"},"content":{"rendered":"\t\t<div data-elementor-type=\"wp-page\" data-elementor-id=\"501\" class=\"elementor elementor-501\" data-elementor-post-type=\"page\">\n\t\t\t\t<div class=\"elementor-element elementor-element-261a506 e-flex e-con-boxed e-con e-parent\" data-id=\"261a506\" data-element_type=\"container\" data-core-v316-plus=\"true\">\n\t\t\t\t\t<div class=\"e-con-inner\">\n\t\t\t\t<div class=\"elementor-element elementor-element-5a35a79 elementor-widget__width-initial elementor-widget elementor-widget-jet-register\" data-id=\"5a35a79\" data-element_type=\"widget\" data-widget_type=\"jet-register.default\">\n\t\t\t\t<div class=\"elementor-widget-container\">\n\t\t\t<div class=\"elementor-jet-register jet-blocks\"><form method=\"post\" class=\"jet-register\">\n\n\t<p class=\"jet-register__row\">\n\t\t<label class=\"jet-register__label\" for=\"jet_username\">Nome de usu\u00e1rio<\/label>\n\t\t<input type=\"text\" class=\"jet-register__input\" name=\"username\" id=\"jet_username\" value=\"\" placeholder=\"\"\/>\n\t<\/p>\n\n\t<p class=\"jet-register__row\">\n\t\t<label  class=\"jet-register__label\"  for=\"jet_email\">Email<\/label>\n\t\t<input type=\"email\" class=\"jet-register__input\" name=\"email\" id=\"jet_email\" value=\"\" placeholder=\"\"\/>\n\t<\/p>\n\n\t<p class=\"jet-register__row\">\n\t\t<label  class=\"jet-register__label\" for=\"jet_password\">Senha<\/label>\n\t\t<span class=\"jet-register__wrapper\">\n\t\t\t<input type=\"password\" class=\"jet-register__input \" name=\"password\" id=\"jet_password\" placeholder=\"\"\/>\n\n\t\t\t<svg xmlns=\"http:\/\/www.w3.org\/2000\/svg\" aria-hidden=\"true\" class=\"e-font-icon-svg e-far-eye password-visibility__icon password-visibility__icon--show show\" viewBox=\"0 0 576 512\">\n\t\t\t\t<path d=\"M288 144a110.94 110.94 0 0 0-31.24 5 55.4 55.4 0 0 1 7.24 27 56 56 0 0 1-56 56 55.4 55.4 0 0 1-27-7.24A111.71 111.71 0 1 0 288 144zm284.52 97.4C518.29 135.59 410.93 64 288 64S57.68 135.64 3.48 241.41a32.35 32.35 0 0 0 0 29.19C57.71 376.41 165.07 448 288 448s230.32-71.64 284.52-177.41a32.35 32.35 0 0 0 0-29.19zM288 400c-98.65 0-189.09-55-237.93-144C98.91 167 189.34 112 288 112s189.09 55 237.93 144C477.1 345 386.66 400 288 400z\"><\/path>\n\t\t\t<\/svg>\n\t\t\t<svg xmlns=\"http:\/\/www.w3.org\/2000\/svg\" aria-hidden=\"true\" class=\"e-font-icon-svg e-far-eye-slash password-visibility__icon password-visibility__icon--hide\" viewBox=\"0 0 640 512\">\n\t\t\t\t<path d=\"M634 471L36 3.51A16 16 0 0 0 13.51 6l-10 12.49A16 16 0 0 0 6 41l598 467.49a16 16 0 0 0 22.49-2.49l10-12.49A16 16 0 0 0 634 471zM296.79 146.47l134.79 105.38C429.36 191.91 380.48 144 320 144a112.26 112.26 0 0 0-23.21 2.47zm46.42 219.07L208.42 260.16C210.65 320.09 259.53 368 320 368a113 113 0 0 0 23.21-2.46zM320 112c98.65 0 189.09 55 237.93 144a285.53 285.53 0 0 1-44 60.2l37.74 29.5a333.7 333.7 0 0 0 52.9-75.11 32.35 32.35 0 0 0 0-29.19C550.29 135.59 442.93 64 320 64c-36.7 0-71.71 7-104.63 18.81l46.41 36.29c18.94-4.3 38.34-7.1 58.22-7.1zm0 288c-98.65 0-189.08-55-237.93-144a285.47 285.47 0 0 1 44.05-60.19l-37.74-29.5a333.6 333.6 0 0 0-52.89 75.1 32.35 32.35 0 0 0 0 29.19C89.72 376.41 197.08 448 320 448c36.7 0 71.71-7.05 104.63-18.81l-46.41-36.28C359.28 397.2 339.89 400 320 400z\"><\/path>\n\t\t\t<\/svg>\n\n\t\t<\/span>\n\t<\/p>\n\n\t\n\t\t<p class=\"jet-register__row\">\n\t\t\t<label  class=\"jet-register__label\" for=\"jet_password_confirm\">Confirmar senha<\/label>\n\t\t\t<input type=\"password\" class=\"jet-register__input\" name=\"password-confirm\" id=\"jet_password_confirm\" placeholder=\"\"\/>\n\t\t\t<input type=\"hidden\" name=\"jet_confirm_password\" value=\"true\">\t\t<\/p>\n\n\t\n\t\n\t\n\t<div class=\"jet-register__row jet-privacy-policy\">\n\t\t<input type=\"checkbox\" value=\"jet_privacy_policy_checkbox\" class=\"jet-register__input\" name=\"privacy-policy\" id=\"jet_privacy_policy\" required=\"required\" \/>\n\t\t<label class=\"jet-register__label\" for=\"jet_privacy_policy\">\nConcordo com os TERMOS DE USO\/ E Declaro ser maior de 18 anos e sob minha pr\u00f3pria responsabilidade, que os an\u00fancios publicados por este usu\u00e1rio ser\u00e3o publicados de maneira pessoal e volunt\u00e1ria, que toda a informa\u00e7\u00e3o, incluindo a de contato, ser\u00e1 relativa a minha pessoa e que atuo como acompanhante independente, sem mediar nenhum tipo de coer\u00e7\u00e3o ou viol\u00eancia. Entendo que em caso de detectar um n\u00e3o cumprimento do anterior os an\u00fancios ser\u00e3o desativados e as autoridades competentes ser\u00e3o avisadas.<\/label>\n\t<\/div>\n\n\t\n\t\n\t<p class=\"jet-register__row jet-register-submit\">\n\t\t<input type=\"hidden\" id=\"jet-register-nonce\" name=\"jet-register-nonce\" value=\"ebf7ebd7ea\" \/><input type=\"hidden\" name=\"_wp_http_referer\" value=\"\/sample-page\/wp-json\/wp\/v2\/pages\/501\" \/><input type=\"hidden\" name=\"jet_redirect\" value=\"https:\/\/poaacompanhantes.com\/entrar\">\t\t<button type=\"submit\" class=\"jet-register__submit button\" name=\"register\">Cadastrar<\/button>\n\t<\/p>\n\n<\/form>\n<\/div>\t\t<\/div>\n\t\t\t\t<\/div>\n\t\t\t\t\t<\/div>\n\t\t\t\t<\/div>\n\t\t\t\t<\/div>\n\t\t","protected":false},"excerpt":{"rendered":"<p>Nome de usu\u00e1rio Email Senha Confirmar senha Concordo com os TERMOS DE USO\/ E Declaro ser maior de 18 anos e sob minha pr\u00f3pria responsabilidade, que os an\u00fancios publicados por este usu\u00e1rio ser\u00e3o publicados de maneira pessoal e volunt\u00e1ria, que toda a informa\u00e7\u00e3o, incluindo a de contato, ser\u00e1 relativa a minha pessoa e que atuo &hellip;<\/p>\n<p class=\"read-more\"> <a class=\"\" href=\"https:\/\/poaacompanhantes.com\/sample-page\/cadastro\/\"> <span class=\"screen-reader-text\">cadastro<\/span> Leia mais &raquo;<\/a><\/p>\n","protected":false},"author":110,"featured_media":0,"parent":0,"menu_order":0,"comment_status":"closed","ping_status":"closed","template":"elementor_header_footer","meta":{"site-sidebar-layout":"no-sidebar","site-content-layout":"page-builder","ast-global-header-display":"","ast-main-header-display":"","ast-hfb-above-header-display":"","ast-hfb-below-header-display":"","ast-hfb-mobile-header-display":"","site-post-title":"disabled","ast-breadcrumbs-content":"","ast-featured-img":"disabled","footer-sml-layout":"","theme-transparent-header-meta":"","adv-header-id-meta":"","stick-header-meta":"","header-above-stick-meta":"","header-main-stick-meta":"","header-below-stick-meta":"","footnotes":""},"class_list":["post-501","page","type-page","status-publish","hentry"],"publishpress_future_action":{"enabled":false,"date":"2026-04-26 04:39:30","action":"change-status","newStatus":"draft","terms":[],"taxonomy":""},"_links":{"self":[{"href":"https:\/\/poaacompanhantes.com\/sample-page\/wp-json\/wp\/v2\/pages\/501","targetHints":{"allow":["GET"]}}],"collection":[{"href":"https:\/\/poaacompanhantes.com\/sample-page\/wp-json\/wp\/v2\/pages"}],"about":[{"href":"https:\/\/poaacompanhantes.com\/sample-page\/wp-json\/wp\/v2\/types\/page"}],"author":[{"embeddable":true,"href":"https:\/\/poaacompanhantes.com\/sample-page\/wp-json\/wp\/v2\/users\/110"}],"replies":[{"embeddable":true,"href":"https:\/\/poaacompanhantes.com\/sample-page\/wp-json\/wp\/v2\/comments?post=501"}],"version-history":[{"count":31,"href":"https:\/\/poaacompanhantes.com\/sample-page\/wp-json\/wp\/v2\/pages\/501\/revisions"}],"predecessor-version":[{"id":1971,"href":"https:\/\/poaacompanhantes.com\/sample-page\/wp-json\/wp\/v2\/pages\/501\/revisions\/1971"}],"wp:attachment":[{"href":"https:\/\/poaacompanhantes.com\/sample-page\/wp-json\/wp\/v2\/media?parent=501"}],"curies":[{"name":"wp","href":"https:\/\/api.w.org\/{rel}","templated":true}]}}